{"id":8,"date":"2015-01-07T22:28:15","date_gmt":"2015-01-07T22:28:15","guid":{"rendered":"http:\/\/waldispuehl.net\/wordpress\/?page_id=8"},"modified":"2015-01-08T00:47:39","modified_gmt":"2015-01-08T00:47:39","slug":"systemische-therapie-fuer-paare-und-familien","status":"publish","type":"page","link":"https:\/\/www.waldispuehl.net\/?page_id=8","title":{"rendered":"Systemische Therapie f\u00fcr Paare und Familien"},"content":{"rendered":"<p><span><br \/>\n<img loading=\"lazy\" decoding=\"async\" src=\"..\/..\/pics\/dot.gif\" alt=\"dot\" width=\"12\" height=\"12\" border=\"0\" \/>&nbsp;<strong>Sie haben Probleme<\/strong><br \/>\n<img loading=\"lazy\" decoding=\"async\" src=\"..\/..\/pics\/dot_s.gif\" alt=\"dot\" width=\"6\" height=\"6\" border=\"0\" \/>&nbsp;in Ihrer Partnerschaft<br \/>\n<img loading=\"lazy\" decoding=\"async\" src=\"..\/..\/pics\/dot_s.gif\" alt=\"dot\" width=\"6\" height=\"6\" border=\"0\" \/>&nbsp;in Ihrer Familie<br \/>\n<img loading=\"lazy\" decoding=\"async\" src=\"..\/..\/pics\/dot_s.gif\" alt=\"dot\" width=\"6\" height=\"6\" border=\"0\" \/>&nbsp;und Sie haben schon mehrere Anl\u00e4ufe genommen, um das Problem selber zu l\u00f6sen &#8211; und Sie drehen sich immer wieder im Kreis<br \/>\n<img loading=\"lazy\" decoding=\"async\" src=\"..\/..\/pics\/dot_s.gif\" alt=\"dot\" width=\"6\" height=\"6\" border=\"0\" \/>&nbsp;Sie m\u00f6chten, dass eine neutrale Person Ihnen hilft, Wege aus der Sackgasse zu finden<br \/>\n<\/span><\/p>\n<p><span><br \/>\n<img loading=\"lazy\" decoding=\"async\" src=\"..\/..\/pics\/dot.gif\" alt=\"dot\" width=\"12\" height=\"12\" border=\"0\" \/>&nbsp;<strong>Dann nehmen Sie mit mir Kontakt auf:<\/strong><br \/>\n<img loading=\"lazy\" decoding=\"async\" src=\"..\/..\/pics\/dot_s.gif\" alt=\"dot\" width=\"6\" height=\"6\" border=\"0\" \/>&nbsp;Rufen Sie mich an: 061 \/ 271 38 25<br \/>\n<img loading=\"lazy\" decoding=\"async\" src=\"..\/..\/pics\/dot_s.gif\" alt=\"dot\" width=\"6\" height=\"6\" border=\"0\" \/>&nbsp;oder schicken Sie einen Fax: 061 \/ 271 33 15<br \/>\n<img loading=\"lazy\" decoding=\"async\" src=\"..\/..\/pics\/dot_s.gif\" alt=\"dot\" width=\"6\" height=\"6\" border=\"0\" \/>&nbsp;oder eine e-mail: <a href=\"mailto:louis@waldispuehl.net\">louis@waldispuehl.net<\/a><br \/>\n<img loading=\"lazy\" decoding=\"async\" src=\"..\/..\/pics\/dot_s.gif\" alt=\"dot\" width=\"6\" height=\"6\" border=\"0\" \/>&nbsp;oder schreiben Sie mir einen Brief: Reichensteinerstrasse 18, CH &#8211; 4053 Basel<br \/>\n<\/span><\/p>\n<p><span><br \/>\n<img loading=\"lazy\" decoding=\"async\" src=\"..\/..\/pics\/dot.gif\" alt=\"dot\" width=\"12\" height=\"12\" border=\"0\" \/>&nbsp;<strong>Wir treffen uns zuerst zu einem gemeinsamen Abkl\u00e4rungsgespr\u00e4ch:<\/strong><br \/>\n<img loading=\"lazy\" decoding=\"async\" src=\"..\/..\/pics\/dot_s.gif\" alt=\"dot\" width=\"6\" height=\"6\" border=\"0\" \/>&nbsp;Wir lernen uns kennen<br \/>\n<img loading=\"lazy\" decoding=\"async\" src=\"..\/..\/pics\/dot_s.gif\" alt=\"dot\" width=\"6\" height=\"6\" border=\"0\" \/>&nbsp;Ich h\u00f6re von Ihnen, was Ihre Probleme und Ihre Anliegen sind<br \/>\n<img loading=\"lazy\" decoding=\"async\" src=\"..\/..\/pics\/dot_s.gif\" alt=\"dot\" width=\"6\" height=\"6\" border=\"0\" \/>&nbsp;Sie kl\u00e4ren ab, ob Sie bei mir am richtigen Ort sind.<br \/>\n<\/span><\/p>\n<p><span><br \/>\n<img loading=\"lazy\" decoding=\"async\" src=\"..\/..\/pics\/dot.gif\" alt=\"dot\" width=\"12\" height=\"12\" border=\"0\" \/>&nbsp;<strong>Wir erarbeiten gemeinsam die Therapieziele und legen einen Zeitrahmen fest<\/strong><br \/>\n<\/span><\/p>\n<p><span><br \/>\n<img loading=\"lazy\" decoding=\"async\" src=\"..\/..\/pics\/dot.gif\" alt=\"dot\" width=\"12\" height=\"12\" border=\"0\" \/>&nbsp;<strong>Sie wandeln sich vom Problemsystem zu einem l\u00f6sungsorientierten System<\/strong><br \/>\n<img loading=\"lazy\" decoding=\"async\" src=\"..\/..\/pics\/dot_s.gif\" alt=\"dot\" width=\"6\" height=\"6\" border=\"0\" \/>&nbsp;In der Regel sind alle anwesend, die am Konflikt beteiligt sind<br \/>\n<img loading=\"lazy\" decoding=\"async\" src=\"..\/..\/pics\/dot_s.gif\" alt=\"dot\" width=\"6\" height=\"6\" border=\"0\" \/>&nbsp;Wir besprechen gemeinsam die Probleme und nehmen die Meinungen aller Beteiligten ernst<br \/>\n<img loading=\"lazy\" decoding=\"async\" src=\"..\/..\/pics\/dot_s.gif\" alt=\"dot\" width=\"6\" height=\"6\" border=\"0\" \/>&nbsp;Wir suchen und verhandeln gemeinsam neue L\u00f6sungen nach dem Prinzip: Alle leisten ihren Beitrag und alle profitieren davon<br \/>\n<\/span><\/p>\n","protected":false},"excerpt":{"rendered":"<p>&nbsp;Sie haben Probleme &nbsp;in Ihrer Partnerschaft &nbsp;in Ihrer Familie &nbsp;und Sie haben schon mehrere Anl\u00e4ufe genommen, um das Problem selber zu l\u00f6sen &#8211; und Sie drehen sich immer wieder im Kreis &nbsp;Sie m\u00f6chten, dass eine neutrale Person Ihnen hilft, Wege &hellip; <a href=\"https:\/\/www.waldispuehl.net\/?page_id=8\">Weiterlesen <span class=\"meta-nav\">&rarr;<\/span><\/a><\/p>\n","protected":false},"author":1,"featured_media":0,"parent":0,"menu_order":5,"comment_status":"closed","ping_status":"closed","template":"","meta":{"footnotes":""},"class_list":["post-8","page","type-page","status-publish","hentry"],"_links":{"self":[{"href":"https:\/\/www.waldispuehl.net\/index.php?rest_route=\/wp\/v2\/pages\/8","targetHints":{"allow":["GET"]}}],"collection":[{"href":"https:\/\/www.waldispuehl.net\/index.php?rest_route=\/wp\/v2\/pages"}],"about":[{"href":"https:\/\/www.waldispuehl.net\/index.php?rest_route=\/wp\/v2\/types\/page"}],"author":[{"embeddable":true,"href":"https:\/\/www.waldispuehl.net\/index.php?rest_route=\/wp\/v2\/users\/1"}],"replies":[{"embeddable":true,"href":"https:\/\/www.waldispuehl.net\/index.php?rest_route=%2Fwp%2Fv2%2Fcomments&post=8"}],"version-history":[{"count":7,"href":"https:\/\/www.waldispuehl.net\/index.php?rest_route=\/wp\/v2\/pages\/8\/revisions"}],"predecessor-version":[{"id":11,"href":"https:\/\/www.waldispuehl.net\/index.php?rest_route=\/wp\/v2\/pages\/8\/revisions\/11"}],"wp:attachment":[{"href":"https:\/\/www.waldispuehl.net\/index.php?rest_route=%2Fwp%2Fv2%2Fmedia&parent=8"}],"curies":[{"name":"wp","href":"https:\/\/api.w.org\/{rel}","templated":true}]}}